{"id":3161,"date":"2025-12-28T13:23:22","date_gmt":"2025-12-28T13:23:22","guid":{"rendered":"https:\/\/ibis-insurance-web.be\/?page_id=3161"},"modified":"2026-03-13T09:55:45","modified_gmt":"2026-03-13T09:55:45","slug":"juridische-entiteit","status":"publish","type":"page","link":"https:\/\/ibis-insurance-web.be\/nl\/juridische-entiteit\/","title":{"rendered":"Juridische entiteit"},"content":{"rendered":"<div  class='togglecontainer av-mlb1rsku-5ef43deeeda7fbc89d4e757df9a44eb8  avia-builder-el-0  avia-builder-el-no-sibling  toggle_close_all' >\n<section class='av_toggle_section av-mlb1r5zy-ee1366cd21be4ba786aed3478c157a0e'  itemscope=\"itemscope\" itemtype=\"https:\/\/schema.org\/CreativeWork\" ><div role=\"tablist\" class=\"single_toggle\" data-tags=\"{Alle} \"  ><p id='toggle-toggle-id-1' data-fake-id='#toggle-id-1' class='toggler  av-title-above '  itemprop=\"headline\"  role='tab' tabindex='0' aria-controls='toggle-id-1' data-slide-speed=\"200\" data-title=\"Toepasselijk recht\" data-title-open=\"\" data-aria_collapsed=\"Klik om uit te klappen: Toepasselijk recht\" data-aria_expanded=\"Klik om in te klappen: Toepasselijk recht\">Toepasselijk recht<span class=\"toggle_icon\"><span class=\"vert_icon\"><\/span><span class=\"hor_icon\"><\/span><\/span><\/p><div id='toggle-id-1' aria-labelledby='toggle-toggle-id-1' role='region' class='toggle_wrap  av-title-above'  ><div class='toggle_content invers-color '  itemprop=\"text\" ><p class=\"s2\">De hier verstrekte informatie is bedoeld voor onafhankelijke verzekeringsmakelaars en is dus louter informatief voor eindklanten.<\/p>\n<p class=\"s2\">Het Belgisch recht is van toepassing op alle verzekeringsovereenkomsten van IBIS Insurance SA.<\/p>\n<p class=\"s2\">Voor alle contracten bedraagt de looptijd 1 jaar en worden zij stilzwijgend verlengd voor opeenvolgende periodes van 1 jaar, tenzij anders specifiek vermeld in de bijzondere voorwaarden van het contract.<\/p>\n<p class=\"s2\">Om een product van IBIS Insurance SA te onderschrijven, moet een behoefteanalyse worden uitgevoerd door een verzekeringsmakelaar om de oplossing te kiezen die passend is en aansluit bij de specifieke behoeften van de klant.<\/p>\n<p class=\"s2\">IBIS Insurance SA geeft hierover geen aanbevelingen aan de klant.<\/p>\n<\/div><\/div><\/div><\/section>\n<section class='av_toggle_section av-mlb1rrg6-e464dcbb826c14988a64fe65bc664f00'  itemscope=\"itemscope\" itemtype=\"https:\/\/schema.org\/CreativeWork\" ><div role=\"tablist\" class=\"single_toggle\" data-tags=\"{Alle} \"  ><p id='toggle-toggle-id-2' data-fake-id='#toggle-id-2' class='toggler  av-title-above '  itemprop=\"headline\"  role='tab' tabindex='0' aria-controls='toggle-id-2' data-slide-speed=\"200\" data-title=\"Insurance Distribution Directive\" data-title-open=\"IDD precontractuele informatie\" data-aria_collapsed=\"Klik om uit te klappen: Insurance Distribution Directive\" data-aria_expanded=\"Klik om in te klappen: Insurance Distribution Directive\">Insurance Distribution Directive<span class=\"toggle_icon\"><span class=\"vert_icon\"><\/span><span class=\"hor_icon\"><\/span><\/span><\/p><div id='toggle-id-2' aria-labelledby='toggle-toggle-id-2' role='region' class='toggle_wrap  av-title-above'  ><div class='toggle_content invers-color '  itemprop=\"text\" ><p class=\"s2\">IBIS Insurance NV, met maatschappelijke zetel te 1000 Brussel, Koningsestraat, 144-146,RPR 0459.896.103, is als gevolmachtigd onderschrijver geregistreerd in het register van verzekeringstussenpersonen van de Autoriteit voor Financi\u00eble Diensten en Markten, onderhet nr. 0459.896.103.<\/p>\n<p class=\"s2\">De Autoriteit voor Financi\u00eble Diensten en Markten (afgekort: FSMA) staat in voor het toezicht op de financi\u00eble markten en genoteerde ondernemingen, de erkenning van en het toezicht op bepaalde categorie\u00ebn financi\u00eble instellingen, de naleving van gedragsregels door de financi\u00eble bemiddelaars en de commercialisatie van de beleggingsproducten voor het grotepubliek en het zgn. sociaal toezicht op de aanvullende pensioenen. De FSMA is gevestigd te1000 Brussel, Congresstraat 12-14.<\/p>\n<p class=\"s2\">Het register van tussenpersonen van de FSMA is online consulteerbaar op\u00a0<a href=\"https:\/\/www.fsma.be\/nl\"><span class=\"s3\">www.fsma.be<\/span><\/a>.<\/p>\n<p class=\"s2\">De algemene voorwaarden van de verzekeringsproducten die IBIS Insurance NV aanbiedt, kan u via volgende hyperlink consulteren:\u00a0<a href=\"https:\/\/ibis-insurance-web.be\/nl\/online-documenten\/\"><span class=\"s3\">Algemene<\/span> <span class=\"s3\">voorwaarden<\/span><\/a>.<\/p>\n<p class=\"s2\">IBIS Insurance NV voert een actief belangenconflictenbeleid, welke je via volgendehyperlink kan consulteren:\u00a0<a href=\"https:\/\/ibis-insurance-web.be\/wp-content\/uploads\/2026\/03\/politique-conflits-dinterets-IBIS-Insurance-SA-NL-V2.pdf\"><span class=\"s3\">Belangenconflictenbeleid<\/span><\/a>.<\/p>\n<p class=\"s2\">IBIS Insurance NV voert tevens een beleid rond vergoedingen, welke je via volgendehyperlink kan consulteren:\u00a0<a href=\"https:\/\/ibis-insurance-web.be\/wp-content\/uploads\/2026\/03\/POLITIQUE-DE-REMUNERATION-NL-V2.pdf\"><span class=\"s3\">Beleid<\/span> <span class=\"s3\">rond<\/span> <span class=\"s3\">vergoedingen<\/span><\/a>.<\/p>\n<p class=\"s2\">Je kan met ons, in het Nederlands, Frans of Engels, communiceren via verschillende kanalen:<\/p>\n<div class=\"s5\"><span class=\"s4\">\u2022 <\/span>schriftelijk: ons adres is: Koningsestraat 144-146, 1000 Brussel, Belgi\u00eb<\/div>\n<div class=\"s5\"><span class=\"s4\">\u2022 <\/span>telefonisch: ons algemeen telefoonnummer is +32 2 344 34 00<\/div>\n<div class=\"s5\"><span class=\"s4\">\u2022 <\/span>e-mail: ons algemeen mailadres is\u00a0<a href=\"mailto:info@bdmantwerp.be\"><span class=\"s3\">info@<\/span><span class=\"s3\">ibis-insurance.be<\/span><\/a><\/div>\n<\/div><\/div><\/div><\/section>\n<\/div>\n","protected":false},"excerpt":{"rendered":"","protected":false},"author":1,"featured_media":0,"parent":0,"menu_order":0,"comment_status":"closed","ping_status":"closed","template":"","meta":{"_acf_changed":false,"footnotes":""},"acf":[],"_links":{"self":[{"href":"https:\/\/ibis-insurance-web.be\/nl\/wp-json\/wp\/v2\/pages\/3161"}],"collection":[{"href":"https:\/\/ibis-insurance-web.be\/nl\/wp-json\/wp\/v2\/pages"}],"about":[{"href":"https:\/\/ibis-insurance-web.be\/nl\/wp-json\/wp\/v2\/types\/page"}],"author":[{"embeddable":true,"href":"https:\/\/ibis-insurance-web.be\/nl\/wp-json\/wp\/v2\/users\/1"}],"replies":[{"embeddable":true,"href":"https:\/\/ibis-insurance-web.be\/nl\/wp-json\/wp\/v2\/comments?post=3161"}],"version-history":[{"count":9,"href":"https:\/\/ibis-insurance-web.be\/nl\/wp-json\/wp\/v2\/pages\/3161\/revisions"}],"predecessor-version":[{"id":3285,"href":"https:\/\/ibis-insurance-web.be\/nl\/wp-json\/wp\/v2\/pages\/3161\/revisions\/3285"}],"wp:attachment":[{"href":"https:\/\/ibis-insurance-web.be\/nl\/wp-json\/wp\/v2\/media?parent=3161"}],"curies":[{"name":"wp","href":"https:\/\/api.w.org\/{rel}","templated":true}]}}