{"id":3058,"date":"2025-12-28T13:23:22","date_gmt":"2025-12-28T13:23:22","guid":{"rendered":"https:\/\/ibis-insurance-web.be\/?page_id=3058"},"modified":"2026-02-20T13:57:22","modified_gmt":"2026-02-20T13:57:22","slug":"organisme-juridique","status":"publish","type":"page","link":"https:\/\/ibis-insurance-web.be\/fr\/organisme-juridique\/","title":{"rendered":"Organisme juridique"},"content":{"rendered":"<div  class='togglecontainer av-mkv0zxaj-49440bcab0afd24f342512547c5d8dd4  avia-builder-el-0  avia-builder-el-no-sibling  toggle_close_all' >\n<section class='av_toggle_section av-mkv0ycyi-eb899c9b7560f8f90261fb77ebb92392'  itemscope=\"itemscope\" itemtype=\"https:\/\/schema.org\/CreativeWork\" ><div role=\"tablist\" class=\"single_toggle\" data-tags=\"{Tout} \"  ><p id='toggle-toggle-id-1' data-fake-id='#toggle-id-1' class='toggler  av-title-above '  itemprop=\"headline\"  role='tab' tabindex='0' aria-controls='toggle-id-1' data-slide-speed=\"200\" data-title=\"Droit applicable\" data-title-open=\"\" data-aria_collapsed=\"Cliquez pour \u00e9tendre : Droit applicable\" data-aria_expanded=\"Cliquez pour r\u00e9duire : Droit applicable\">Droit applicable<span class=\"toggle_icon\"><span class=\"vert_icon\"><\/span><span class=\"hor_icon\"><\/span><\/span><\/p><div id='toggle-id-1' aria-labelledby='toggle-toggle-id-1' role='region' class='toggle_wrap  av-title-above'  ><div class='toggle_content invers-color '  itemprop=\"text\" ><p>Les informations fournies ici sont destin\u00e9es aux courtiers d\u2019assurance ind\u00e9pendants et sont donc \u00e0 titre informatif pour les clients finaux.<\/p>\n<p>Le droit belge s\u2019applique \u00e0 tous les contrats d\u2019assurance d\u2019IBIS Insurance SA.<\/p>\n<p>Pour tous les contrats, la dur\u00e9e est de 1 an, reconduite tacitement pour des p\u00e9riodes de 1 an, sauf indication contraire sp\u00e9cifique dans les conditions particuli\u00e8res du contrat.<\/p>\n<p>Pour souscrire un produit IBIS Insurance SA, une analyse de besoins devra \u00eatre effectu\u00e9e par un courtier d\u2019assurance afin de choisir la solution qui sera appropri\u00e9e et qui conviendra aux besoins sp\u00e9cifiques du client.<\/p>\n<p>Ibis Insurance SA ne donne pas de recommandations au client \u00e0 ce sujet.<\/p>\n<\/div><\/div><\/div><\/section>\n<section class='av_toggle_section av-mkv0zw1e-83e5ecc6a12cefad65246ccad2156b9c'  itemscope=\"itemscope\" itemtype=\"https:\/\/schema.org\/CreativeWork\" ><div role=\"tablist\" class=\"single_toggle\" data-tags=\"{Tout} \"  ><p id='toggle-toggle-id-2' data-fake-id='#toggle-id-2' class='toggler  av-title-above '  itemprop=\"headline\"  role='tab' tabindex='0' aria-controls='toggle-id-2' data-slide-speed=\"200\" data-title=\"IDD - Insurance Distribution Directive\" data-title-open=\"\" data-aria_collapsed=\"Cliquez pour \u00e9tendre : IDD - Insurance Distribution Directive\" data-aria_expanded=\"Cliquez pour r\u00e9duire : IDD - Insurance Distribution Directive\">IDD - Insurance Distribution Directive<span class=\"toggle_icon\"><span class=\"vert_icon\"><\/span><span class=\"hor_icon\"><\/span><\/span><\/p><div id='toggle-id-2' aria-labelledby='toggle-toggle-id-2' role='region' class='toggle_wrap  av-title-above'  ><div class='toggle_content invers-color '  itemprop=\"text\" ><p>Information pr\u00e9contractuelle IDD<\/p>\n<p>IBIS Insurance SA, soci\u00e9t\u00e9 dont le si\u00e8ge social est situ\u00e9 \u00e0 1000 Bruxelles,Rue Royale,144, Registre des personnes morales n\u00b0 0459.896.103, est inscrite au registre des interm\u00e9diaires d\u2019assurance de l\u2019Autorit\u00e9 des services et des financiers sous le num\u00e9ro 0459896103 en tant que souscripteur mandat\u00e9.<\/p>\n<p>L\u2019Autorit\u00e9 des services et march\u00e9s financiers (FSMA) est charg\u00e9e de superviser les march\u00e9s financiers et les soci\u00e9t\u00e9s cot\u00e9es en bourse, d\u2019accr\u00e9diter et de superviser certaines cat\u00e9gories d\u2019institutions financi\u00e8res, de veiller au respect des codes de conduite des interm\u00e9diaires financiers et de commercialiser les produits d\u2019investissement aupr\u00e8s du public, ainsi que d\u2019exercer ce que l\u2019on appelle le \u00ab contr\u00f4le social \u00bb des retraites compl\u00e9mentaires. Son si\u00e8ge social est situ\u00e9 \u00e0 Bruxelles, Congresstraat 12-14.<\/p>\n<p>Le registre des interm\u00e9diaires d\u2019assurance de la FSMA peut \u00eatre consult\u00e9 en ligne \u00e0 l\u2019adresse suivante:\u00a0<a href=\"https:\/\/www.fsma.be\/fr\" target=\"_blank\" rel=\"noreferrer noopener\">www.fsma.be<\/a>.<\/p>\n<p>Les conditions g\u00e9n\u00e9rales des produits d\u2019assurance offerts par IBIS Insurance SA peuvent \u00eatre consult\u00e9es via l\u2019hyperlien suivant :\u00a0<a href=\"https:\/\/ibis-insurance-web.be\/fr\/sdm_downloads\/conditions-generales\/\">Conditions g\u00e9n\u00e9rales<\/a>.<\/p>\n<p>IBIS Insurance SA m\u00e8ne une politique active relative aux conflits d\u2019int\u00e9r\u00eats qui peut \u00eatre consult\u00e9e via l\u2019hyperlien suivant : \u00a0<a href=\"https:\/\/ibis-insurance-web.be\/wp-content\/uploads\/2026\/02\/POLITUQE_CONLFITS-INTERET.pdf\" target=\"_blank\" rel=\"noreferrer noopener\">Politique sur les conflits d\u2019int\u00e9r\u00eats<\/a>.<\/p>\n<p>IBIS Insurance SA a \u00e9galement une politique concernant les r\u00e9munerations qui peuvent \u00eatre consult\u00e9es via l\u2019hyperlien suivant : \u00a0<a href=\"https:\/\/ibis-insurance-web.be\/wp-content\/uploads\/2026\/02\/POLITIQUE-DE-REMUNERATION.pdf\" target=\"_blank\" rel=\"noreferrer noopener\">Politique relative aux r\u00e9munerations<\/a>.<\/p>\n<p>Vous pouvez nous joindre par diff\u00e9rents canaux en n\u00e9erlandais, fran\u00e7ais ou anglais:<\/p>\n<ul>\n<li>Par \u00e9crit \u00e0 l\u2019adresse suivante : Rue Royale 144, 1000 Bruxelles, Belgique<\/li>\n<li>Par t\u00e9l\u00e9phone : notre num\u00e9ro g\u00e9n\u00e9ral est le +32 2 344 34 00<\/li>\n<li>Par courriel: notre adresse \u00e9lectronique g\u00e9n\u00e9rale est\u00a0<a href=\"mailto:info@ibis-insurance.be\">info@ibis-insurance.be<\/a><\/li>\n<\/ul>\n<\/div><\/div><\/div><\/section>\n<\/div>\n","protected":false},"excerpt":{"rendered":"","protected":false},"author":1,"featured_media":0,"parent":0,"menu_order":0,"comment_status":"closed","ping_status":"closed","template":"","meta":{"_acf_changed":false,"footnotes":""},"acf":[],"_links":{"self":[{"href":"https:\/\/ibis-insurance-web.be\/fr\/wp-json\/wp\/v2\/pages\/3058"}],"collection":[{"href":"https:\/\/ibis-insurance-web.be\/fr\/wp-json\/wp\/v2\/pages"}],"about":[{"href":"https:\/\/ibis-insurance-web.be\/fr\/wp-json\/wp\/v2\/types\/page"}],"author":[{"embeddable":true,"href":"https:\/\/ibis-insurance-web.be\/fr\/wp-json\/wp\/v2\/users\/1"}],"replies":[{"embeddable":true,"href":"https:\/\/ibis-insurance-web.be\/fr\/wp-json\/wp\/v2\/comments?post=3058"}],"version-history":[{"count":16,"href":"https:\/\/ibis-insurance-web.be\/fr\/wp-json\/wp\/v2\/pages\/3058\/revisions"}],"predecessor-version":[{"id":3201,"href":"https:\/\/ibis-insurance-web.be\/fr\/wp-json\/wp\/v2\/pages\/3058\/revisions\/3201"}],"wp:attachment":[{"href":"https:\/\/ibis-insurance-web.be\/fr\/wp-json\/wp\/v2\/media?parent=3058"}],"curies":[{"name":"wp","href":"https:\/\/api.w.org\/{rel}","templated":true}]}}