{"id":2,"date":"2018-09-03T15:33:17","date_gmt":"2018-09-03T15:33:17","guid":{"rendered":"https:\/\/ibis-insurance-web.be\/?page_id=2"},"modified":"2026-03-16T07:00:40","modified_gmt":"2026-03-16T07:00:40","slug":"nos-produits","status":"publish","type":"page","link":"https:\/\/ibis-insurance-web.be\/fr\/nos-produits\/","title":{"rendered":"Nos produits"},"content":{"rendered":"\n<style type=\"text\/css\" data-created_by=\"avia_inline_auto\" id=\"style-css-av-145nae-e7cbf1264ca6d8b7631564583885f9bd\">\n.avia-section.av-145nae-e7cbf1264ca6d8b7631564583885f9bd{\nbackground-repeat:no-repeat;\nbackground-image:url(https:\/\/ibis-insurance-web.be\/wp-content\/uploads\/2018\/09\/sacred-ibis-4-1.jpg);\nbackground-position:50% 50%;\nbackground-attachment:scroll;\n}\n.avia-section.av-145nae-e7cbf1264ca6d8b7631564583885f9bd .av-section-color-overlay{\nopacity:0.6;\nbackground-color:#084a79;\n}\n<\/style>\n<div id='av_section_1'  class='avia-section av-145nae-e7cbf1264ca6d8b7631564583885f9bd main_color avia-section-default avia-no-border-styling  avia-builder-el-0  el_before_av_one_full  avia-builder-el-first  avia-full-stretch avia-bg-style-scroll av-section-color-overlay-active av-minimum-height av-minimum-height-custom av-height-custom  container_wrap fullsize'  data-section-bg-repeat='stretch' data-av_minimum_height_px='230'><div class=\"av-section-color-overlay-wrap\"><div class=\"av-section-color-overlay\"><\/div><div class='container av-section-cont-open' style='height:230px'><main  role=\"main\" itemprop=\"mainContentOfPage\"  class='template-page content  av-content-full alpha units'><div class='post-entry post-entry-type-page post-entry-2'><div class='entry-content-wrapper clearfix'>\n\n<style type=\"text\/css\" data-created_by=\"avia_inline_auto\" id=\"style-css-av-jgf3pjem-ee2a691ebc0a9a100bc99d372a9c72ca\">\n#top .flex_column.av-jgf3pjem-ee2a691ebc0a9a100bc99d372a9c72ca{\nmargin-top:0px;\nmargin-bottom:0px;\n}\n.flex_column.av-jgf3pjem-ee2a691ebc0a9a100bc99d372a9c72ca{\nborder-radius:0px 0px 0px 0px;\npadding:0px 0px 0px 0px;\n}\n.responsive #top #wrap_all .flex_column.av-jgf3pjem-ee2a691ebc0a9a100bc99d372a9c72ca{\nmargin-top:0px;\nmargin-bottom:0px;\n}\n<\/style>\n<div  class='flex_column av-jgf3pjem-ee2a691ebc0a9a100bc99d372a9c72ca av_one_full  avia-builder-el-1  avia-builder-el-no-sibling  first flex_column_div av-animated-generic left-to-right av-zero-column-padding  '     ><style type=\"text\/css\" data-created_by=\"avia_inline_auto\" id=\"style-css-av-jm7re64k-fdaf8630787b720538740bea1f40a346\">\n#top .av-special-heading.av-jm7re64k-fdaf8630787b720538740bea1f40a346{\nmargin:0 0 0 0;\npadding-bottom:0;\ncolor:#ffffff;\nfont-size:5vw;\n}\nbody .av-special-heading.av-jm7re64k-fdaf8630787b720538740bea1f40a346 .av-special-heading-tag .heading-char{\nfont-size:25px;\n}\n#top #wrap_all .av-special-heading.av-jm7re64k-fdaf8630787b720538740bea1f40a346 .av-special-heading-tag{\nfont-size:5vw;\n}\n.av-special-heading.av-jm7re64k-fdaf8630787b720538740bea1f40a346 .special-heading-inner-border{\nborder-color:#ffffff;\n}\n.av-special-heading.av-jm7re64k-fdaf8630787b720538740bea1f40a346 .av-subheading{\nfont-size:25px;\n}\n\n@media only screen and (min-width: 480px) and (max-width: 767px){ \n#top #wrap_all .av-special-heading.av-jm7re64k-fdaf8630787b720538740bea1f40a346 .av-special-heading-tag{\nfont-size:0.8em;\n}\n}\n\n@media only screen and (max-width: 479px){ \n#top #wrap_all .av-special-heading.av-jm7re64k-fdaf8630787b720538740bea1f40a346 .av-special-heading-tag{\nfont-size:0.8em;\n}\n}\n<\/style>\n<div  class='av-special-heading av-jm7re64k-fdaf8630787b720538740bea1f40a346 av-special-heading-h2 custom-color-heading blockquote modern-quote modern-centered  avia-builder-el-2  avia-builder-el-no-sibling  av-inherit-size'><h2 class='av-special-heading-tag '  itemprop=\"headline\"  >Nos produits<\/h2><div class=\"special-heading-border\"><div class=\"special-heading-inner-border\"><\/div><\/div><\/div><\/div>\n<\/div><\/div><\/main><!-- close content main element --><\/div><\/div><\/div><div id='after_section_1'  class='main_color av_default_container_wrap container_wrap fullsize'  ><div class='container av-section-cont-open' ><div class='template-page content  av-content-full alpha units'><div class='post-entry post-entry-type-page post-entry-2'><div class='entry-content-wrapper clearfix'>\n\n<style type=\"text\/css\" data-created_by=\"avia_inline_auto\" id=\"style-css-av-2yvk-374020d77e55f66df19e31736e08f622\">\n.flex_column.av-2yvk-374020d77e55f66df19e31736e08f622{\nborder-radius:0px 0px 0px 0px;\npadding:0px 0px 0px 0px;\n}\n<\/style>\n<div  class='flex_column av-2yvk-374020d77e55f66df19e31736e08f622 av_one_full  avia-builder-el-3  el_after_av_section  avia-builder-el-no-sibling  first flex_column_div av-animated-generic fade-in av-zero-column-padding  '     ><section  class='av_textblock_section av-jnvuzwys-28b8292fdb50e121f092b160dd47741b '   itemscope=\"itemscope\" itemtype=\"https:\/\/schema.org\/CreativeWork\" ><div class='avia_textblock'  itemprop=\"text\" ><p style=\"font-weight: 400;\"><strong>En incendie<\/strong>, outre les solutions d\u2019assurances selon les conditions g\u00e9n\u00e9rales habituelles sur le march\u00e9, nous avons d\u00e9velopp\u00e9 deux produits \u00ab\u00a0Tous risques sauf\u00a0\u00bb l\u2019un pour les habitations sous la d\u00e9nomination \u00ab\u00a0First of IBIS\u00a0\u00bb, l\u2019autre pour des immeubles d\u2019appartements sous la d\u00e9nomination \u00ab\u00a0Cocoon of IBIS\u00a0\u00bb. De plus, une garantie sp\u00e9cifique \u00ab Fine Art \u00bb peut \u00eatre ajout\u00e9e au contrat \u00ab\u00a0First of IBIS\u00a0\u00bb.<\/p>\n<p style=\"font-weight: 400;\">Ces deux produits sont bas\u00e9s sur le principe du \u00ab Tous Risques Sauf \u00ab , \u00a0\u00ab\u00a0ce qui n\u2019est pas exclu est couvert\u00a0\u00bb .<\/p>\n<p style=\"font-weight: 400;\">La garantie\u00a0<strong>\u00ab\u00a0protection juridique \u00bb peut<\/strong> \u00e9galement \u00eatre int\u00e9gr\u00e9e dans tous les contrats li\u00e9s \u00e0 la garantie incendie : maison d\u2019habitation, bien immobilier, copropri\u00e9t\u00e9 d\u2019appartements.<\/p>\n<p style=\"font-weight: 400;\">Nous avons \u00e9galement la possibilit\u00e9 d\u2019inclure les garanties\u00a0<strong>\u00ab\u00a0RC Vie priv\u00e9e\u00a0\u00bb<\/strong>\u00a0et\u00a0<strong>\u00ab\u00a0RC Objective \u00bb dans<\/strong> nos contrats incendie.<\/p>\n<p style=\"font-weight: 400;\">Nous pouvons \u00e9galement assurer les secondes r\u00e9sidences de nos clients en France, au Grand-Duch\u00e9 de Luxembourg et aux Pays-Bas, avec une solution adapt\u00e9e et sp\u00e9cifique pour la garantie Catastrophes Naturelles t en France.<\/p>\n<p style=\"font-weight: 400;\"><strong>En bris de machines,<\/strong>\u00a0notre produit \u00ab\u00a0Elite Machinery Pro\u00a0\u00bb assure tout mat\u00e9riel \u00e9lectronique, qu\u2019il s\u2019agisse de mat\u00e9riel informatique ou encore de mat\u00e9riel m\u00e9dico-technique.<\/p>\n<p style=\"font-weight: 400;\"><strong>En d\u00e9g\u00e2ts mat\u00e9riels aux camions,<\/strong>\u00a0autobus et autocars, nous proposons une solution adapt\u00e9e aux diverses formules de financement de ces v\u00e9hicules et des garanties sp\u00e9cifiques.<\/p>\n<p style=\"font-weight: 400;\"><strong>En assurance transport de marchandises,<\/strong>\u00a0une solution pour les marchandises transport\u00e9es pour compte propre selon les souhaits du client avec la possibilit\u00e9 de souscrire une garantie vol 24h sur 24.<\/p>\n<p style=\"font-weight: 400;\"><strong>En tous risques chantiers,<\/strong>\u00a0notre souhait est d\u2019apporter une solution pour des chantiers de construction ou de r\u00e9novation. En cas de besoin, notre produit permet \u00e9galement d\u2019assurer le b\u00e2timent existant en cours de travaux.<\/p>\n<p style=\"font-weight: 400;\"><strong>En assurance gr\u00eale sur cultures,<\/strong>\u00a0assurance contre le risque de gr\u00eale pour toutes les cultures agricoles.<\/p>\n<p style=\"font-weight: 400;\">Nous assurons non seulement les pertes de quantit\u00e9s mais \u00e9galement les pertes de qualit\u00e9 pour des cultures sp\u00e9cifiques telles que les fruits et l\u00e9gumes.<\/p>\n<p style=\"font-weight: 400;\">\n<\/div><\/section><\/div>\n","protected":false},"excerpt":{"rendered":"","protected":false},"author":1,"featured_media":11,"parent":0,"menu_order":4,"comment_status":"closed","ping_status":"closed","template":"","meta":{"_acf_changed":false,"footnotes":""},"acf":[],"_links":{"self":[{"href":"https:\/\/ibis-insurance-web.be\/fr\/wp-json\/wp\/v2\/pages\/2"}],"collection":[{"href":"https:\/\/ibis-insurance-web.be\/fr\/wp-json\/wp\/v2\/pages"}],"about":[{"href":"https:\/\/ibis-insurance-web.be\/fr\/wp-json\/wp\/v2\/types\/page"}],"author":[{"embeddable":true,"href":"https:\/\/ibis-insurance-web.be\/fr\/wp-json\/wp\/v2\/users\/1"}],"replies":[{"embeddable":true,"href":"https:\/\/ibis-insurance-web.be\/fr\/wp-json\/wp\/v2\/comments?post=2"}],"version-history":[{"count":23,"href":"https:\/\/ibis-insurance-web.be\/fr\/wp-json\/wp\/v2\/pages\/2\/revisions"}],"predecessor-version":[{"id":3287,"href":"https:\/\/ibis-insurance-web.be\/fr\/wp-json\/wp\/v2\/pages\/2\/revisions\/3287"}],"wp:featuredmedia":[{"embeddable":true,"href":"https:\/\/ibis-insurance-web.be\/fr\/wp-json\/wp\/v2\/media\/11"}],"wp:attachment":[{"href":"https:\/\/ibis-insurance-web.be\/fr\/wp-json\/wp\/v2\/media?parent=2"}],"curies":[{"name":"wp","href":"https:\/\/api.w.org\/{rel}","templated":true}]}}