{"id":18,"date":"2018-09-04T21:12:27","date_gmt":"2018-09-04T21:12:27","guid":{"rendered":"http:\/\/ibis-insurance-web.be.194-1-205-35.taho.be\/?page_id=18"},"modified":"2025-07-03T09:48:02","modified_gmt":"2025-07-03T09:48:02","slug":"ibis-service","status":"publish","type":"page","link":"https:\/\/ibis-insurance-web.be\/fr\/","title":{"rendered":"IBIS \u00e0 votre service"},"content":{"rendered":"\n<style type=\"text\/css\" data-created_by=\"avia_inline_auto\" id=\"style-css-av-145nae-872de9274b37cc81d2027e3eacba88f8\">\n.avia-section.av-145nae-872de9274b37cc81d2027e3eacba88f8{\nbackground-repeat:no-repeat;\nbackground-image:url(https:\/\/ibis-insurance-web.be\/wp-content\/uploads\/2018\/09\/ibis-insurance-web-top-e1537277840792.png);\nbackground-position:50% 50%;\nbackground-attachment:scroll;\n}\n.avia-section.av-145nae-872de9274b37cc81d2027e3eacba88f8 .av-section-color-overlay{\nopacity:0.6;\nbackground-color:#084a79;\n}\n<\/style>\n<div id='av_section_1'  class='avia-section av-145nae-872de9274b37cc81d2027e3eacba88f8 main_color avia-section-default avia-no-border-styling  avia-builder-el-0  el_before_av_one_full  avia-builder-el-first  avia-full-stretch avia-bg-style-scroll av-section-color-overlay-active av-minimum-height av-minimum-height-custom av-height-custom  container_wrap fullsize'  data-section-bg-repeat='stretch' data-av_minimum_height_px='230'><div class=\"av-section-color-overlay-wrap\"><div class=\"av-section-color-overlay\"><\/div><div class='container av-section-cont-open' style='height:230px'><main  role=\"main\" itemprop=\"mainContentOfPage\"  class='template-page content  av-content-full alpha units'><div class='post-entry post-entry-type-page post-entry-18'><div class='entry-content-wrapper clearfix'>\n\n<style type=\"text\/css\" data-created_by=\"avia_inline_auto\" id=\"style-css-av-jgf3pjem-ee2a691ebc0a9a100bc99d372a9c72ca\">\n#top .flex_column.av-jgf3pjem-ee2a691ebc0a9a100bc99d372a9c72ca{\nmargin-top:0px;\nmargin-bottom:0px;\n}\n.flex_column.av-jgf3pjem-ee2a691ebc0a9a100bc99d372a9c72ca{\nborder-radius:0px 0px 0px 0px;\npadding:0px 0px 0px 0px;\n}\n.responsive #top #wrap_all .flex_column.av-jgf3pjem-ee2a691ebc0a9a100bc99d372a9c72ca{\nmargin-top:0px;\nmargin-bottom:0px;\n}\n<\/style>\n<div  class='flex_column av-jgf3pjem-ee2a691ebc0a9a100bc99d372a9c72ca av_one_full  avia-builder-el-1  avia-builder-el-no-sibling  first flex_column_div av-animated-generic left-to-right av-zero-column-padding  '     ><style type=\"text\/css\" data-created_by=\"avia_inline_auto\" id=\"style-css-av-jm7rwa89-0e19a39e34093cd19b53ea851d56c739\">\n#top .av-special-heading.av-jm7rwa89-0e19a39e34093cd19b53ea851d56c739{\nmargin:0 0 0 0;\npadding-bottom:0;\ncolor:#ffffff;\nfont-size:5vw;\n}\nbody .av-special-heading.av-jm7rwa89-0e19a39e34093cd19b53ea851d56c739 .av-special-heading-tag .heading-char{\nfont-size:25px;\n}\n#top #wrap_all .av-special-heading.av-jm7rwa89-0e19a39e34093cd19b53ea851d56c739 .av-special-heading-tag{\nfont-size:5vw;\n}\n.av-special-heading.av-jm7rwa89-0e19a39e34093cd19b53ea851d56c739 .special-heading-inner-border{\nborder-color:#ffffff;\n}\n.av-special-heading.av-jm7rwa89-0e19a39e34093cd19b53ea851d56c739 .av-subheading{\nfont-size:25px;\n}\n\n@media only screen and (min-width: 480px) and (max-width: 767px){ \n#top #wrap_all .av-special-heading.av-jm7rwa89-0e19a39e34093cd19b53ea851d56c739 .av-special-heading-tag{\nfont-size:0.8em;\n}\n}\n\n@media only screen and (max-width: 479px){ \n#top #wrap_all .av-special-heading.av-jm7rwa89-0e19a39e34093cd19b53ea851d56c739 .av-special-heading-tag{\nfont-size:0.8em;\n}\n}\n<\/style>\n<div  class='av-special-heading av-jm7rwa89-0e19a39e34093cd19b53ea851d56c739 av-special-heading-h2 custom-color-heading blockquote modern-quote modern-centered  avia-builder-el-2  avia-builder-el-no-sibling  av-inherit-size'><h2 class='av-special-heading-tag '  itemprop=\"headline\"  >IBIS \u00e0 votre service<\/h2><div class=\"special-heading-border\"><div class=\"special-heading-inner-border\"><\/div><\/div><\/div><\/div>\n<\/div><\/div><\/main><!-- close content main element --><\/div><\/div><\/div><div id='after_section_1'  class='main_color av_default_container_wrap container_wrap fullsize'  ><div class='container av-section-cont-open' ><div class='template-page content  av-content-full alpha units'><div class='post-entry post-entry-type-page post-entry-18'><div class='entry-content-wrapper clearfix'>\n\n<style type=\"text\/css\" data-created_by=\"avia_inline_auto\" id=\"style-css-av-jm7o7x3u-30d8561bb82acc42d85b267bb3fbdc10\">\n.flex_column.av-jm7o7x3u-30d8561bb82acc42d85b267bb3fbdc10{\nborder-radius:0px 0px 0px 0px;\npadding:0px 0px 0px 0px;\n}\n<\/style>\n<div  class='flex_column av-jm7o7x3u-30d8561bb82acc42d85b267bb3fbdc10 av_one_full  avia-builder-el-3  el_after_av_section  el_before_av_one_full  avia-builder-el-first  first flex_column_div av-animated-generic right-to-left av-zero-column-padding  '     ><style type=\"text\/css\" data-created_by=\"avia_inline_auto\" id=\"style-css-av-jml0pgck-ef7e8b7ec23d659995edc42c8cadad2b\">\n#top .av-special-heading.av-jml0pgck-ef7e8b7ec23d659995edc42c8cadad2b{\nmargin:23px 0px 0px 0px;\npadding-bottom:0;\n}\nbody .av-special-heading.av-jml0pgck-ef7e8b7ec23d659995edc42c8cadad2b .av-special-heading-tag .heading-char{\nfont-size:25px;\n}\n.av-special-heading.av-jml0pgck-ef7e8b7ec23d659995edc42c8cadad2b .av-subheading{\nfont-size:15px;\n}\n<\/style>\n<div  class='av-special-heading av-jml0pgck-ef7e8b7ec23d659995edc42c8cadad2b av-special-heading-h2  avia-builder-el-4  avia-builder-el-no-sibling '><h2 class='av-special-heading-tag '  itemprop=\"headline\"  >Partenaires<\/h2><div class=\"special-heading-border\"><div class=\"special-heading-inner-border\"><\/div><\/div><\/div><\/div>\n\n<style type=\"text\/css\" data-created_by=\"avia_inline_auto\" id=\"style-css-av-202ou-b43abfafa3e013687ed58c5bcb6010dc\">\n.flex_column.av-202ou-b43abfafa3e013687ed58c5bcb6010dc{\nborder-radius:0px 0px 0px 0px;\npadding:0px 0px 0px 0px;\n}\n<\/style>\n<div  class='flex_column av-202ou-b43abfafa3e013687ed58c5bcb6010dc av_one_full  avia-builder-el-5  el_after_av_one_full  el_before_av_one_full  first flex_column_div av-animated-generic bottom-to-top av-zero-column-padding  column-top-margin'     ><section  class='av_textblock_section av-1101a-80e49fbc99c11c6eeeb90194f34ac83a '   itemscope=\"itemscope\" itemtype=\"https:\/\/schema.org\/CreativeWork\" ><div class='avia_textblock'  itemprop=\"text\" ><p>I.B.I.S. Insurance a choisi , comme partenaires pour couvrir tous les risques souscrits , des Compagnies d\u2019 Assurances de premier ordre en fonction du crit\u00e8re le plus important\u00a0: la s\u00e9curit\u00e9 financi\u00e8re . Nos Compagnies partenaires font montre d\u2019une solvabilit\u00e9 largement sup\u00e9rieure aux exigences europ\u00e9ennes et satisfont aux crit\u00e8res les plus s\u00e9v\u00e8res des Agences de Rating telles que Standard &amp; Poors et AM Best.<\/p>\n<ul>\n<li>Les contrats property souscrits par Ibis Insurance sont couverts par des capacit\u00e9s donn\u00e9es par un pool d\u2019assureurs compos\u00e9 de Axa Belgium, F\u00e9d\u00e9rale Assurances , Monceau G\u00e9n\u00e9rale Assurances et P&amp; V .<\/li>\n<li>Les contrats Bris de machine et engineering , en g\u00e9n\u00e9ral, sont couverts par des capacit\u00e9s donn\u00e9es par Axa Belgium<\/li>\n<li>Les contrats Tous Risques Chantiers, les contrtas RC Vie Priv\u00e9e, les secondes r\u00e9sidences aux Pays-Bas , au Grand duch\u00e9 de Luxembourg et en France\u00a0 sont couverts par des capacit\u00e9s donn\u00e9es par FEDERALE Assurances .<\/li>\n<li>Les contrats Omnium camions, autobus, autocars sont couverts par des capacit\u00e9s donn\u00e9es par Helvetia France<\/li>\n<li>Les contrats Fine Art sont couverts par des capacit\u00e9s donn\u00e9es par Circles group Luxembourg<\/li>\n<li>Les contrats gr\u00eale sur cultures sont couverts par des capacit\u00e9s donn\u00e9es par L\u2019 Etoile France<\/li>\n<li>Les contrats Protection juridique sont couverts par des capacit\u00e9s donn\u00e9es par Euromex<\/li>\n<\/ul>\n<\/div><\/section><\/div>\n<style type=\"text\/css\" data-created_by=\"avia_inline_auto\" id=\"style-css-av-jm7o7x3u-6-660b7848f1d652926026d2d9ffde715e\">\n.flex_column.av-jm7o7x3u-6-660b7848f1d652926026d2d9ffde715e{\nborder-radius:0px 0px 0px 0px;\npadding:0px 0px 0px 0px;\n}\n<\/style>\n<div  class='flex_column av-jm7o7x3u-6-660b7848f1d652926026d2d9ffde715e av_one_full  avia-builder-el-7  el_after_av_one_full  el_before_av_one_full  first flex_column_div av-animated-generic right-to-left av-zero-column-padding  column-top-margin'     ><style type=\"text\/css\" data-created_by=\"avia_inline_auto\" id=\"style-css-av-jml0q2jc-c9409d5c5bbcc4796b8db98675297da0\">\n#top .av-special-heading.av-jml0q2jc-c9409d5c5bbcc4796b8db98675297da0{\nmargin:23px 0px 0px 0px;\npadding-bottom:0;\n}\nbody .av-special-heading.av-jml0q2jc-c9409d5c5bbcc4796b8db98675297da0 .av-special-heading-tag .heading-char{\nfont-size:25px;\n}\n.av-special-heading.av-jml0q2jc-c9409d5c5bbcc4796b8db98675297da0 .av-subheading{\nfont-size:15px;\n}\n<\/style>\n<div  class='av-special-heading av-jml0q2jc-c9409d5c5bbcc4796b8db98675297da0 av-special-heading-h2  avia-builder-el-8  avia-builder-el-no-sibling '><h2 class='av-special-heading-tag '  itemprop=\"headline\"  >R\u00e9seau commercial<\/h2><div class=\"special-heading-border\"><div class=\"special-heading-inner-border\"><\/div><\/div><\/div><\/div><\/p>\n\n<style type=\"text\/css\" data-created_by=\"avia_inline_auto\" id=\"style-css-av-202ou-5-3248b1983bbffeec981087aaa148ee5b\">\n.flex_column.av-202ou-5-3248b1983bbffeec981087aaa148ee5b{\nborder-radius:0px 0px 0px 0px;\npadding:0px 0px 0px 0px;\n}\n<\/style>\n<div  class='flex_column av-202ou-5-3248b1983bbffeec981087aaa148ee5b av_one_full  avia-builder-el-9  el_after_av_one_full  el_before_av_one_full  first flex_column_div av-animated-generic bottom-to-top av-zero-column-padding  column-top-margin'     ><section  class='av_textblock_section av-1101a-4-48ef5849d080e297886c5f267bff4a45 '   itemscope=\"itemscope\" itemtype=\"https:\/\/schema.org\/CreativeWork\" ><div class='avia_textblock'  itemprop=\"text\" ><p>I.B.I.S. Insurance d\u00e9veloppe toute son activit\u00e9 en Belgique par un seul et unique canal de distribution\u00a0: les courtiers d\u2019assurances professionnels et ind\u00e9pendants . Nous sommes convaincus que c\u2019est la meilleure garantie pour les clients finaux d\u2019\u00eatre assur\u00e9s aux meilleures conditions de rapport garanties-primes .<\/p>\n\n<style type=\"text\/css\" data-created_by=\"avia_inline_auto\" id=\"style-css-av-r2s6-cd869dd65f5df079c3778f4b8736f376\">\n#top .hr.hr-invisible.av-r2s6-cd869dd65f5df079c3778f4b8736f376{\nheight:10px;\n}\n<\/style>\n<div  class='hr av-r2s6-cd869dd65f5df079c3778f4b8736f376 hr-invisible  avia-builder-el-11  avia-builder-el-no-sibling '><span class='hr-inner '><span class=\"hr-inner-style\"><\/span><\/span><\/div>\n<p style=\"text-align: center;\"><strong>VOTRE COURTIER VOTRE MEILLEURE ASSURANCE <\/strong><\/p>\n<\/div><\/section><\/div>\n\n<style type=\"text\/css\" data-created_by=\"avia_inline_auto\" id=\"style-css-av-jm7o7x3u-3-073279fa6f21f25888fbcf6d0c760b0f\">\n.flex_column.av-jm7o7x3u-3-073279fa6f21f25888fbcf6d0c760b0f{\nborder-radius:0px 0px 0px 0px;\npadding:0px 0px 0px 0px;\n}\n<\/style>\n<div  class='flex_column av-jm7o7x3u-3-073279fa6f21f25888fbcf6d0c760b0f av_one_full  avia-builder-el-12  el_after_av_one_full  el_before_av_one_full  first flex_column_div av-animated-generic right-to-left av-zero-column-padding  column-top-margin'     ><style type=\"text\/css\" data-created_by=\"avia_inline_auto\" id=\"style-css-av-jml0q7ui-9612174348cf2d4a5285a55c636bc218\">\n#top .av-special-heading.av-jml0q7ui-9612174348cf2d4a5285a55c636bc218{\nmargin:23px 0px 0px 0px;\npadding-bottom:0;\n}\nbody .av-special-heading.av-jml0q7ui-9612174348cf2d4a5285a55c636bc218 .av-special-heading-tag .heading-char{\nfont-size:25px;\n}\n.av-special-heading.av-jml0q7ui-9612174348cf2d4a5285a55c636bc218 .av-subheading{\nfont-size:15px;\n}\n<\/style>\n<div  class='av-special-heading av-jml0q7ui-9612174348cf2d4a5285a55c636bc218 av-special-heading-h2  avia-builder-el-13  avia-builder-el-no-sibling '><h2 class='av-special-heading-tag '  itemprop=\"headline\"  >Management<\/h2><div class=\"special-heading-border\"><div class=\"special-heading-inner-border\"><\/div><\/div><\/div><\/div>\n\n<style type=\"text\/css\" data-created_by=\"avia_inline_auto\" id=\"style-css-av-202ou-2-6fa08fc833d379e3e02a4d4a3ae8a1ce\">\n.flex_column.av-202ou-2-6fa08fc833d379e3e02a4d4a3ae8a1ce{\nborder-radius:0px 0px 0px 0px;\npadding:0px 0px 0px 0px;\n}\n<\/style>\n<div  class='flex_column av-202ou-2-6fa08fc833d379e3e02a4d4a3ae8a1ce av_one_full  avia-builder-el-14  el_after_av_one_full  avia-builder-el-last  first flex_column_div av-animated-generic bottom-to-top av-zero-column-padding  column-top-margin'     ><section  class='av_textblock_section av-1101a-1-f512c1ea46393713b1f25f7d27d7f2ef '   itemscope=\"itemscope\" itemtype=\"https:\/\/schema.org\/CreativeWork\" ><div class='avia_textblock'  itemprop=\"text\" ><p>Fond\u00e9e il y a plus de 20 ans par des Dirigeants de Compagnies d\u2019 Assurances et quelques courtiers d\u00e9sireux de trouver des solutions de co-assurances en mati\u00e8re de risques industriels , I.B.I.S. Insurance s\u2019est depuis, largement d\u00e9velopp\u00e9 dans les Risques Simples et les Risques Sp\u00e9ciaux en g\u00e9n\u00e9ral.<\/p>\n<p>Le Conseil d\u2019 Administration est compos\u00e9 de 8 Administrateurs dont 7 courtiers d\u2019Assurances actionnaires plus Thierry Van der Straeten, Administrateur d\u00e9l\u00e9gu\u00e9<\/p>\n<p>Le Management est constitu\u00e9 de Ghislain de Donnea &#8211; d\u00e9partement Sinistres , de Sa\u00efd El Addaoui &#8211; d\u00e9partement Comptabilit\u00e9\u00a0 et de Dirk Tant &#8211; d\u00e9partement Production et Souscription.<\/p>\n<\/div><\/section><\/div>\n","protected":false},"excerpt":{"rendered":"","protected":false},"author":1,"featured_media":0,"parent":0,"menu_order":0,"comment_status":"closed","ping_status":"closed","template":"","meta":{"_acf_changed":false,"footnotes":""},"acf":[],"_links":{"self":[{"href":"https:\/\/ibis-insurance-web.be\/fr\/wp-json\/wp\/v2\/pages\/18"}],"collection":[{"href":"https:\/\/ibis-insurance-web.be\/fr\/wp-json\/wp\/v2\/pages"}],"about":[{"href":"https:\/\/ibis-insurance-web.be\/fr\/wp-json\/wp\/v2\/types\/page"}],"author":[{"embeddable":true,"href":"https:\/\/ibis-insurance-web.be\/fr\/wp-json\/wp\/v2\/users\/1"}],"replies":[{"embeddable":true,"href":"https:\/\/ibis-insurance-web.be\/fr\/wp-json\/wp\/v2\/comments?post=18"}],"version-history":[{"count":46,"href":"https:\/\/ibis-insurance-web.be\/fr\/wp-json\/wp\/v2\/pages\/18\/revisions"}],"predecessor-version":[{"id":2977,"href":"https:\/\/ibis-insurance-web.be\/fr\/wp-json\/wp\/v2\/pages\/18\/revisions\/2977"}],"wp:attachment":[{"href":"https:\/\/ibis-insurance-web.be\/fr\/wp-json\/wp\/v2\/media?parent=18"}],"curies":[{"name":"wp","href":"https:\/\/api.w.org\/{rel}","templated":true}]}}